{"id":99,"date":"2025-10-15T15:41:51","date_gmt":"2025-10-15T15:41:51","guid":{"rendered":"https:\/\/sonotherapie-annecy.fr\/?page_id=99"},"modified":"2025-10-15T15:59:43","modified_gmt":"2025-10-15T15:59:43","slug":"mentions-legales","status":"publish","type":"page","link":"https:\/\/sonotherapie-annecy.fr\/?page_id=99","title":{"rendered":"Mentions l\u00e9gales"},"content":{"rendered":"\t\t<div data-elementor-type=\"wp-page\" data-elementor-id=\"99\" class=\"elementor elementor-99\">\n\t\t\t\t<div class=\"elementor-element elementor-element-2202d6d1 e-flex e-con-boxed e-con e-parent\" data-id=\"2202d6d1\" data-element_type=\"container\">\n\t\t\t\t\t<div class=\"e-con-inner\">\n\t\t\t\t<div class=\"elementor-element elementor-element-4955138e elementor-widget elementor-widget-text-editor\" data-id=\"4955138e\" data-element_type=\"widget\" data-widget_type=\"text-editor.default\">\n\t\t\t\t\t\t\t\t\t\n<h2 class=\"wp-block-heading\">\u00a0<\/h2>\n\n<p><strong>\u00c9diteur du site<\/strong><br \/>ESKAH \u2013 \u00c9cole de Sonoth\u00e9rapie<br \/>150 route de Nonglard, 74330 Lovagny, France<br \/>Contact : <a>contact@eskah-sonotherapie.com<\/a><\/p>\n\n<p><strong>H\u00e9bergement<\/strong><br \/>OVHcloud \u2013 SAS au capital de 10 174 560 \u20ac<br \/>2 rue Kellermann, 59100 Roubaix, France<br \/>RCS Lille M\u00e9tropole 424 761 419<br \/>Site : <a href=\"https:\/\/www.ovhcloud.com\" target=\"_blank\" rel=\"noopener\">https:\/\/www.ovhcloud.com<\/a><\/p>\n\n<p><strong>Cr\u00e9dits &amp; r\u00e9alisation<\/strong><br \/>Design et int\u00e9gration : Atypika<br \/>Cr\u00e9dits photos : ESKAH et leurs auteurs respectifs.<br \/>Toute reproduction, totale ou partielle, est interdite sans autorisation pr\u00e9alable.<\/p>\n\n<p><strong>Propri\u00e9t\u00e9 intellectuelle<\/strong><br \/>Les contenus du site (textes, visuels, graphismes, logos, documents) sont prot\u00e9g\u00e9s par le droit d\u2019auteur.<br \/>Toute reproduction ou utilisation sans accord \u00e9crit est interdite.<\/p>\n\n<p><strong>Donn\u00e9es personnelles<\/strong><br \/>Ce site ne collecte aucune donn\u00e9e personnelle et n\u2019utilise aucun cookie de suivi.<br \/>Aucune donn\u00e9e nominative n\u2019est enregistr\u00e9e via ce site.<\/p>\n\n<p><strong>Responsabilit\u00e9<\/strong><br \/>Les informations diffus\u00e9es sur ce site sont fournies \u00e0 titre informatif.<br \/>L\u2019ESKA ne saurait \u00eatre tenue responsable des erreurs, omissions ou interruptions temporaires de service.<\/p>\n\t\t\t\t\t\t\t\t<\/div>\n\t\t\t\t\t<\/div>\n\t\t\t\t<\/div>\n\t\t\t\t<\/div>\n\t\t","protected":false},"excerpt":{"rendered":"<p>\u00a0 \u00c9diteur du siteESKAH \u2013 \u00c9cole de Sonoth\u00e9rapie150 route de Nonglard, 74330 Lovagny, FranceContact : contact@eskah-sonotherapie.com H\u00e9bergementOVHcloud \u2013 SAS au capital de 10 174 560 \u20ac2 rue Kellermann, 59100 Roubaix, FranceRCS Lille M\u00e9tropole 424 761 419Site : https:\/\/www.ovhcloud.com Cr\u00e9dits &amp; r\u00e9alisationDesign et int\u00e9gration : AtypikaCr\u00e9dits photos : ESKAH et leurs auteurs respectifs.Toute reproduction, totale ou [&hellip;]<\/p>\n","protected":false},"author":2,"featured_media":0,"parent":0,"menu_order":0,"comment_status":"closed","ping_status":"closed","template":"","meta":{"footnotes":""},"class_list":["post-99","page","type-page","status-publish","hentry"],"_links":{"self":[{"href":"https:\/\/sonotherapie-annecy.fr\/index.php?rest_route=\/wp\/v2\/pages\/99","targetHints":{"allow":["GET"]}}],"collection":[{"href":"https:\/\/sonotherapie-annecy.fr\/index.php?rest_route=\/wp\/v2\/pages"}],"about":[{"href":"https:\/\/sonotherapie-annecy.fr\/index.php?rest_route=\/wp\/v2\/types\/page"}],"author":[{"embeddable":true,"href":"https:\/\/sonotherapie-annecy.fr\/index.php?rest_route=\/wp\/v2\/users\/2"}],"replies":[{"embeddable":true,"href":"https:\/\/sonotherapie-annecy.fr\/index.php?rest_route=%2Fwp%2Fv2%2Fcomments&post=99"}],"version-history":[{"count":4,"href":"https:\/\/sonotherapie-annecy.fr\/index.php?rest_route=\/wp\/v2\/pages\/99\/revisions"}],"predecessor-version":[{"id":114,"href":"https:\/\/sonotherapie-annecy.fr\/index.php?rest_route=\/wp\/v2\/pages\/99\/revisions\/114"}],"wp:attachment":[{"href":"https:\/\/sonotherapie-annecy.fr\/index.php?rest_route=%2Fwp%2Fv2%2Fmedia&parent=99"}],"curies":[{"name":"wp","href":"https:\/\/api.w.org\/{rel}","templated":true}]}}